{"id":92,"date":"2020-09-12T15:06:48","date_gmt":"2020-09-12T19:06:48","guid":{"rendered":"http:\/\/uepsanjudastadeo.org\/?page_id=92"},"modified":"2021-09-05T20:36:15","modified_gmt":"2021-09-06T00:36:15","slug":"procesos-academicos","status":"publish","type":"page","link":"https:\/\/uepsanjudastadeo.org\/index.php\/procesos-academicos\/","title":{"rendered":"Procesos Acad\u00e9micos"},"content":{"rendered":"\n<h2>Gesti\u00f3n Acad\u00e9mica <\/h2>\n\n\n\n<div class=\"wp-block-media-text alignwide has-media-on-the-right is-stacked-on-mobile\"><figure class=\"wp-block-media-text__media\"><img loading=\"lazy\" width=\"490\" height=\"174\" src=\"https:\/\/uepsanjudastadeo.org\/wp-content\/uploads\/2021\/05\/Icono-Segunr-barandre-01.png\" alt=\"\" class=\"wp-image-749 size-full\" srcset=\"https:\/\/uepsanjudastadeo.org\/wp-content\/uploads\/2021\/05\/Icono-Segunr-barandre-01.png 490w, https:\/\/uepsanjudastadeo.org\/wp-content\/uploads\/2021\/05\/Icono-Segunr-barandre-01-300x107.png 300w\" sizes=\"(max-width: 490px) 100vw, 490px\" \/><\/figure><div class=\"wp-block-media-text__content\">\n<p class=\"has-normal-font-size\">1) Complete todos los datos solicitados, todas las casillas deben estar llenas, revise que sus datos sean correctos, de no contar con la informaci\u00f3n, el proceso no podr\u00e1 ser realizado.<br>2) Acceda <a href=\"https:\/\/docs.google.com\/forms\/d\/e\/1FAIpQLSdz4Rz9fRzfck-VzuSXD3iLhFp5ZRN1VAb9fngIo9Q3ujFWhA\/viewform\" target=\"_blank\" rel=\"noreferrer noopener\">aqu\u00ed<\/a><\/p>\n<\/div><\/div>\n\n\n\n<div class=\"wp-block-media-text alignwide is-stacked-on-mobile\"><figure class=\"wp-block-media-text__media\"><a href=\"https:\/\/docs.google.com\/forms\/d\/1rAxGvljrVc0hDALtxFi4UMk9LgNu2KoPRsvK9BGP5EM\/edit?usp=sharing\" target=\"_blank\" rel=\"noopener noreferrer\"><img loading=\"lazy\" width=\"490\" height=\"174\" src=\"https:\/\/uepsanjudastadeo.org\/wp-content\/uploads\/2020\/09\/images_litt_process-proceso-de-inscripcion-2020-2021-01.png\" alt=\"\" class=\"wp-image-236 size-full\" srcset=\"https:\/\/uepsanjudastadeo.org\/wp-content\/uploads\/2020\/09\/images_litt_process-proceso-de-inscripcion-2020-2021-01.png 490w, https:\/\/uepsanjudastadeo.org\/wp-content\/uploads\/2020\/09\/images_litt_process-proceso-de-inscripcion-2020-2021-01-300x107.png 300w\" sizes=\"(max-width: 490px) 100vw, 490px\" \/><\/a><\/figure><div class=\"wp-block-media-text__content\">\n<p class=\"has-normal-font-size\">1) Complete todos los datos solicitados, todas las casillas deben estar llenas, revise que sus datos sean correctos, de no contar con la informaci\u00f3n, el proceso no podr\u00e1 ser realizado.<br>2) Cualquier novedad u observaci\u00f3n ser\u00e1 v\u00eda <a href=\"mailto:atencion.sanjudastadeo@gmail.com\" target=\"_blank\" rel=\"noreferrer noopener\">Correo Electr\u00f3nico<\/a>.<br>3) Acceda <a href=\"https:\/\/docs.google.com\/forms\/d\/1rAxGvljrVc0hDALtxFi4UMk9LgNu2KoPRsvK9BGP5EM\/edit?usp=sharing\" target=\"_blank\" rel=\"noreferrer noopener\">aqu\u00ed<\/a><\/p>\n<\/div><\/div>\n","protected":false},"excerpt":{"rendered":"<p>Gesti\u00f3n Acad\u00e9mica 1) Complete todos los datos solicitados, todas las casillas deben estar llenas, revise que sus datos sean correctos, de no contar con la informaci\u00f3n, el proceso no podr\u00e1 &hellip;<\/p>\n<p class=\"read-more\"> <a class=\"\" href=\"https:\/\/uepsanjudastadeo.org\/index.php\/procesos-academicos\/\"> <span class=\"screen-reader-text\">Procesos Acad\u00e9micos<\/span> Leer m\u00e1s &raquo;<\/a><\/p>\n","protected":false},"author":1,"featured_media":0,"parent":0,"menu_order":0,"comment_status":"closed","ping_status":"closed","template":"","meta":{"_EventAllDay":false,"_EventTimezone":"","_EventStartDate":"","_EventEndDate":"","_EventStartDateUTC":"","_EventEndDateUTC":"","_EventShowMap":false,"_EventShowMapLink":false,"_EventURL":"","_EventCost":"","_EventCostDescription":"","_EventCurrencySymbol":"","_EventCurrencyPosition":"","_EventDateTimeSeparator":"","_EventTimeRangeSeparator":"","_EventOrganizerID":[],"_EventVenueID":0,"_OrganizerEmail":"","_OrganizerPhone":"","_OrganizerWebsite":"","_VenueAddress":"","_VenueCity":"","_VenueCountry":"","_VenueProvince":"","_VenueZip":"","_VenuePhone":"","_VenueURL":"","_VenueStateProvince":"","_VenueLat":"","_VenueLng":""},"_links":{"self":[{"href":"https:\/\/uepsanjudastadeo.org\/index.php\/wp-json\/wp\/v2\/pages\/92"}],"collection":[{"href":"https:\/\/uepsanjudastadeo.org\/index.php\/wp-json\/wp\/v2\/pages"}],"about":[{"href":"https:\/\/uepsanjudastadeo.org\/index.php\/wp-json\/wp\/v2\/types\/page"}],"author":[{"embeddable":true,"href":"https:\/\/uepsanjudastadeo.org\/index.php\/wp-json\/wp\/v2\/users\/1"}],"replies":[{"embeddable":true,"href":"https:\/\/uepsanjudastadeo.org\/index.php\/wp-json\/wp\/v2\/comments?post=92"}],"version-history":[{"count":13,"href":"https:\/\/uepsanjudastadeo.org\/index.php\/wp-json\/wp\/v2\/pages\/92\/revisions"}],"predecessor-version":[{"id":1099,"href":"https:\/\/uepsanjudastadeo.org\/index.php\/wp-json\/wp\/v2\/pages\/92\/revisions\/1099"}],"wp:attachment":[{"href":"https:\/\/uepsanjudastadeo.org\/index.php\/wp-json\/wp\/v2\/media?parent=92"}],"curies":[{"name":"wp","href":"https:\/\/api.w.org\/{rel}","templated":true}]}}