{"id":7,"date":"2020-09-06T06:25:07","date_gmt":"2020-09-06T06:25:07","guid":{"rendered":"http:\/\/uepsanjudastadeo.org\/?page_id=7"},"modified":"2021-09-05T18:47:45","modified_gmt":"2021-09-05T22:47:45","slug":"sobre-nosotros","status":"publish","type":"page","link":"https:\/\/uepsanjudastadeo.org\/index.php\/sobre-nosotros\/","title":{"rendered":"Sobre la Instituci\u00f3n"},"content":{"rendered":"\n<div class=\"wp-block-columns\">\n<div class=\"wp-block-column\">\n<figure class=\"wp-block-image size-full\"><img loading=\"lazy\" width=\"640\" height=\"319\" src=\"https:\/\/uepsanjudastadeo.org\/wp-content\/uploads\/2021\/09\/images-sections-nex-01-2.png\" alt=\"\" class=\"wp-image-1026\" srcset=\"https:\/\/uepsanjudastadeo.org\/wp-content\/uploads\/2021\/09\/images-sections-nex-01-2.png 640w, https:\/\/uepsanjudastadeo.org\/wp-content\/uploads\/2021\/09\/images-sections-nex-01-2-300x150.png 300w\" sizes=\"(max-width: 640px) 100vw, 640px\" \/><\/figure>\n\n\n\n<p class=\"has-text-align-center\"><strong>Misi\u00f3n<\/strong><br><strong><br><\/strong>Somos una Instituci\u00f3n Educativa que aplica estrategias metodol\u00f3gicas y pedag\u00f3gicas actualizadas a trav\u00e9s de un equipo humano de profesionales identificados con la filosof\u00eda Tadeista. Quienes cumplen un rol de formar ni\u00f1os y j\u00f3venes en lo acad\u00e9mico y espiritual, permiti\u00e9ndoles desarrollar las aptitudes que los convertir\u00e1n en un ser independiente, tolerante, creativo e innovador.<\/p>\n<\/div>\n\n\n\n<div class=\"wp-block-column\">\n<figure class=\"wp-block-image size-full\"><img loading=\"lazy\" width=\"640\" height=\"319\" src=\"http:\/\/uepsanjudastadeo.org\/wp-content\/uploads\/2021\/09\/images-sections-nex-01-1.png\" alt=\"Visi\u00f3n\" class=\"wp-image-1009\" srcset=\"https:\/\/uepsanjudastadeo.org\/wp-content\/uploads\/2021\/09\/images-sections-nex-01-1.png 640w, https:\/\/uepsanjudastadeo.org\/wp-content\/uploads\/2021\/09\/images-sections-nex-01-1-300x150.png 300w\" sizes=\"(max-width: 640px) 100vw, 640px\" \/><\/figure>\n\n\n\n<p class=\"has-text-align-center\"><strong>Visi\u00f3n<\/strong><br><br>La Instituci\u00f3n est\u00e1 comprometida en la formaci\u00f3n de un ciudadano para el ejercicio de la democracia responsable y leal, que promueva los valores fundamentales de la familia en un ambiente de respeto, honradez, tolerancia y afecto, lo que permitir\u00e1 consolidarnos como una organizaci\u00f3n altamente competitiva y de calidad innovadora con las m\u00e1s modernas herramientas que conlleven a una proyecci\u00f3n acad\u00e9mica a nivel regional, nacional e internacional enmarcada en la excelencia.<\/p>\n<\/div>\n<\/div>\n\n\n\n<div class=\"wp-block-columns\">\n<div class=\"wp-block-column\">\n<div class=\"wp-block-image\"><figure class=\"aligncenter size-full\"><img loading=\"lazy\" width=\"490\" height=\"174\" src=\"http:\/\/uepsanjudastadeo.org\/wp-content\/uploads\/2020\/09\/images_litt_us_1-01.png\" alt=\"convivencia\" class=\"wp-image-208\" srcset=\"https:\/\/uepsanjudastadeo.org\/wp-content\/uploads\/2020\/09\/images_litt_us_1-01.png 490w, https:\/\/uepsanjudastadeo.org\/wp-content\/uploads\/2020\/09\/images_litt_us_1-01-300x107.png 300w\" sizes=\"(max-width: 490px) 100vw, 490px\" \/><\/figure><\/div>\n\n\n\n<p class=\"has-text-align-center has-medium-font-size\">Manual de Convivencia (<a href=\"https:\/\/drive.google.com\/file\/d\/1tjycFK0iI30OdWzrBPie-X43iOwsLUuL\/view?usp=sharing\" data-type=\"URL\" data-id=\"https:\/\/drive.google.com\/file\/d\/1tjycFK0iI30OdWzrBPie-X43iOwsLUuL\/view?usp=sharing\" target=\"_blank\" rel=\"noreferrer noopener\">Descargar PDF<\/a>)<\/p>\n<\/div>\n\n\n\n<div class=\"wp-block-column\">\n<div class=\"wp-block-image\"><figure class=\"aligncenter size-full\"><img loading=\"lazy\" width=\"490\" height=\"174\" src=\"http:\/\/uepsanjudastadeo.org\/wp-content\/uploads\/2020\/09\/images_litt_us_2-01.png\" alt=\"compromiso\" class=\"wp-image-211\" srcset=\"https:\/\/uepsanjudastadeo.org\/wp-content\/uploads\/2020\/09\/images_litt_us_2-01.png 490w, https:\/\/uepsanjudastadeo.org\/wp-content\/uploads\/2020\/09\/images_litt_us_2-01-300x107.png 300w\" sizes=\"(max-width: 490px) 100vw, 490px\" \/><\/figure><\/div>\n\n\n\n<p class=\"has-text-align-center has-medium-font-size\">Acta de Compromiso (<a href=\"https:\/\/drive.google.com\/file\/d\/1yvGbXtjvkEq2K-UxLrMMS4uDYFNljElM\/view?usp=sharing\" data-type=\"URL\" data-id=\"https:\/\/drive.google.com\/file\/d\/1yvGbXtjvkEq2K-UxLrMMS4uDYFNljElM\/view?usp=sharing\" target=\"_blank\" rel=\"noreferrer noopener\">Descargar PDF<\/a>)<\/p>\n<\/div>\n<\/div>\n\n\n\n<p><\/p>\n","protected":false},"excerpt":{"rendered":"<p>Misi\u00f3nSomos una Instituci\u00f3n Educativa que aplica estrategias metodol\u00f3gicas y pedag\u00f3gicas actualizadas a trav\u00e9s de un equipo humano de profesionales identificados con la filosof\u00eda Tadeista. Quienes cumplen un rol de formar &hellip;<\/p>\n<p class=\"read-more\"> <a class=\"\" href=\"https:\/\/uepsanjudastadeo.org\/index.php\/sobre-nosotros\/\"> <span class=\"screen-reader-text\">Sobre la Instituci\u00f3n<\/span> Leer m\u00e1s &raquo;<\/a><\/p>\n","protected":false},"author":1,"featured_media":0,"parent":0,"menu_order":0,"comment_status":"closed","ping_status":"closed","template":"","meta":{"_EventAllDay":false,"_EventTimezone":"","_EventStartDate":"","_EventEndDate":"","_EventStartDateUTC":"","_EventEndDateUTC":"","_EventShowMap":false,"_EventShowMapLink":false,"_EventURL":"","_EventCost":"","_EventCostDescription":"","_EventCurrencySymbol":"","_EventCurrencyPosition":"","_EventDateTimeSeparator":"","_EventTimeRangeSeparator":"","_EventOrganizerID":[],"_EventVenueID":0,"_OrganizerEmail":"","_OrganizerPhone":"","_OrganizerWebsite":"","_VenueAddress":"","_VenueCity":"","_VenueCountry":"","_VenueProvince":"","_VenueZip":"","_VenuePhone":"","_VenueURL":"","_VenueStateProvince":"","_VenueLat":"","_VenueLng":""},"_links":{"self":[{"href":"https:\/\/uepsanjudastadeo.org\/index.php\/wp-json\/wp\/v2\/pages\/7"}],"collection":[{"href":"https:\/\/uepsanjudastadeo.org\/index.php\/wp-json\/wp\/v2\/pages"}],"about":[{"href":"https:\/\/uepsanjudastadeo.org\/index.php\/wp-json\/wp\/v2\/types\/page"}],"author":[{"embeddable":true,"href":"https:\/\/uepsanjudastadeo.org\/index.php\/wp-json\/wp\/v2\/users\/1"}],"replies":[{"embeddable":true,"href":"https:\/\/uepsanjudastadeo.org\/index.php\/wp-json\/wp\/v2\/comments?post=7"}],"version-history":[{"count":58,"href":"https:\/\/uepsanjudastadeo.org\/index.php\/wp-json\/wp\/v2\/pages\/7\/revisions"}],"predecessor-version":[{"id":1036,"href":"https:\/\/uepsanjudastadeo.org\/index.php\/wp-json\/wp\/v2\/pages\/7\/revisions\/1036"}],"wp:attachment":[{"href":"https:\/\/uepsanjudastadeo.org\/index.php\/wp-json\/wp\/v2\/media?parent=7"}],"curies":[{"name":"wp","href":"https:\/\/api.w.org\/{rel}","templated":true}]}}