{"id":107,"date":"2020-09-09T21:15:00","date_gmt":"2020-09-10T01:15:00","guid":{"rendered":"http:\/\/uepsanjudastadeo.org\/index.php\/membership-join\/membership-registration\/"},"modified":"2020-09-09T21:15:00","modified_gmt":"2020-09-10T01:15:00","slug":"membership-registration","status":"publish","type":"page","link":"https:\/\/uepsanjudastadeo.org\/index.php\/membership-join\/membership-registration\/","title":{"rendered":"Registro"},"content":{"rendered":"<p>La membres\u00eda gratuita est\u00e1 desactivada en este sitio. Por favor haz un pago desde la<a href=\"http:\/\/uepsanjudastadeo.org\/index.php\/membership-join\/\">\u00danete a nosotros<\/a>p\u00e1gina para pagar una membres\u00eda de pago.<\/p><p>Recibir\u00e1s un enlace \u00fanico a trav\u00e9s del correo electr\u00f3nico despu\u00e9s del pago. Podr\u00e1s utilizar ese enlace para completar el registro de membres\u00eda de pago.<\/p>\n","protected":false},"excerpt":{"rendered":"","protected":false},"author":1,"featured_media":0,"parent":106,"menu_order":0,"comment_status":"closed","ping_status":"closed","template":"","meta":{"_EventAllDay":false,"_EventTimezone":"","_EventStartDate":"","_EventEndDate":"","_EventStartDateUTC":"","_EventEndDateUTC":"","_EventShowMap":false,"_EventShowMapLink":false,"_EventURL":"","_EventCost":"","_EventCostDescription":"","_EventCurrencySymbol":"","_EventCurrencyPosition":"","_EventDateTimeSeparator":"","_EventTimeRangeSeparator":"","_EventOrganizerID":[],"_EventVenueID":0,"_OrganizerEmail":"","_OrganizerPhone":"","_OrganizerWebsite":"","_VenueAddress":"","_VenueCity":"","_VenueCountry":"","_VenueProvince":"","_VenueZip":"","_VenuePhone":"","_VenueURL":"","_VenueStateProvince":"","_VenueLat":"","_VenueLng":""},"_links":{"self":[{"href":"https:\/\/uepsanjudastadeo.org\/index.php\/wp-json\/wp\/v2\/pages\/107"}],"collection":[{"href":"https:\/\/uepsanjudastadeo.org\/index.php\/wp-json\/wp\/v2\/pages"}],"about":[{"href":"https:\/\/uepsanjudastadeo.org\/index.php\/wp-json\/wp\/v2\/types\/page"}],"author":[{"embeddable":true,"href":"https:\/\/uepsanjudastadeo.org\/index.php\/wp-json\/wp\/v2\/users\/1"}],"replies":[{"embeddable":true,"href":"https:\/\/uepsanjudastadeo.org\/index.php\/wp-json\/wp\/v2\/comments?post=107"}],"version-history":[{"count":0,"href":"https:\/\/uepsanjudastadeo.org\/index.php\/wp-json\/wp\/v2\/pages\/107\/revisions"}],"up":[{"embeddable":true,"href":"https:\/\/uepsanjudastadeo.org\/index.php\/wp-json\/wp\/v2\/pages\/106"}],"wp:attachment":[{"href":"https:\/\/uepsanjudastadeo.org\/index.php\/wp-json\/wp\/v2\/media?parent=107"}],"curies":[{"name":"wp","href":"https:\/\/api.w.org\/{rel}","templated":true}]}}